{"id":2,"date":"2024-05-15T13:53:34","date_gmt":"2024-05-15T13:53:34","guid":{"rendered":"https:\/\/blog.asl-sl.com.br\/?page_id=2"},"modified":"2024-08-27T16:52:16","modified_gmt":"2024-08-27T16:52:16","slug":"sample-page","status":"publish","type":"page","link":"https:\/\/blog.asl-sl.com.br\/?page_id=2","title":{"rendered":"Conhecendo nosso trabalho."},"content":{"rendered":"\n<p>Este espa\u00e7o se destina a profissionais variados que atuem direta ou indiretamente em um contexto de tecnologia.<\/p>\n\n\n\n<blockquote class=\"wp-block-quote is-layout-flow wp-block-quote-is-layout-flow\">\n<p><\/p>\n\n\n\n<p>Minha capacita\u00e7\u00e3o me permite gerir projetos, redes, informa\u00e7\u00f5es, workstations e muitos outros prop\u00f3sitos e aplica\u00e7\u00f5es de sistemas microprocesssados.<\/p>\n<\/blockquote>\n\n\n\n<p>&#8230;Ou algo desse g\u00eanero:<\/p>\n\n\n\n<blockquote class=\"wp-block-quote is-layout-flow wp-block-quote-is-layout-flow\">\n<p>Aqui pretendo explanar formas de profissionais atuaremo com software livre em suas mais diversas aplica\u00e7\u00f5es.<\/p>\n<\/blockquote>\n\n\n\n<p>Para aqueles que est\u00e3o se propondo a conhecer esse mundo e possibilidades vou procurar esclarecer diferentes aspectos da aplica\u00e7\u00e3o desta tecnologia que praticamente domina o mercado corporativo.<\/p>\n\n\n\n<p>Para um conceito essencial do que vem a ser a influ\u00eancia do uso e ado\u00e7\u00e3o de software livre na educa\u00e7\u00e3o, aqui temos um v\u00eddeo muito importante, com o pr\u00f3prio fundados que a mais de 26 anos  desenvolve esse fant\u00e1stico trabalho, o norte americano richard stallman, mudou horizontes em quest\u00e3o a tecnologia.<\/p>\n\n\n\n<p><a href=\"https:\/\/www.gnu.org\/education\/rms-education-es.pt-br.ogv\">O software livre na educa\u00e7\u00e3o.<\/a> Temos um conjuntos de contribui\u00e7\u00f5es com o movimento do software livre ao qual o professor Leonardo \u00e9 entusiasta h\u00e1 mais de 20 anos.<\/p>\n\n\n\n<p>Com isso o mesmo desenvolveu uma s\u00e9rie de estudos e posteriormente projetos funcionais em v\u00e1rias \u00e1reas e atividades de programa\u00e7\u00e3o distintas.<\/p>\n\n\n\n<p>Com foco em ambientes tipo UNIX e linguagens que o mesmo domina para constru\u00e7\u00e3o de utilit\u00e1rios aplicativos e v\u00e1rios tipos de softwares distintos, o foco desse trabalho se faz em desenvolvimento para ambiente computacionais integrais;<\/p>\n\n\n\n<p>As linguagens utilizadas, abrangem desde  o c, c++ ao PERL e python.<\/p>\n\n\n\n<p>Alguns desses projetos ainda cabem como estudos em quest\u00f5es variadas como licenciamento e documenta\u00e7\u00e3o.<\/p>\n\n\n\n<p>Tendo como prioridade as finalidades educacionais do desenvolvimento de forma geral.<\/p>\n\n\n\n<p>Nesse website, voc\u00ea encontrar\u00e1 algumas se\u00e7\u00f5es detalhadas, descrevendo e tamb\u00e9m fornecendo v\u00e1rios tipos de an\u00e1lises de alguns destes projetos.<\/p>\n","protected":false},"excerpt":{"rendered":"<p>Este espa\u00e7o se destina a profissionais variados que atuem direta ou indiretamente em um contexto de tecnologia. Minha capacita\u00e7\u00e3o me permite gerir projetos, redes, informa\u00e7\u00f5es, workstations e muitos outros prop\u00f3sitos e aplica\u00e7\u00f5es de sistemas microprocesssados. &#8230;Ou algo desse g\u00eanero: Aqui pretendo explanar formas de profissionais atuaremo com software livre em suas mais diversas aplica\u00e7\u00f5es. Para <a class=\"more-link\" href=\"https:\/\/blog.asl-sl.com.br\/?page_id=2\">Leia mais&#8230; &raquo;<\/a><\/p>\n","protected":false},"author":1,"featured_media":0,"parent":0,"menu_order":0,"comment_status":"closed","ping_status":"open","template":"","meta":{"footnotes":""},"class_list":["post-2","page","type-page","status-publish","hentry"],"yoast_head":"<!-- This site is optimized with the Yoast SEO plugin v27.5 - https:\/\/yoast.com\/product\/yoast-seo-wordpress\/ -->\n<title>Conhecendo nosso trabalho. - Academia do software livre, S\u00e3o Louren\u00e7o - MG.<\/title>\n<meta name=\"robots\" content=\"index, follow, max-snippet:-1, max-image-preview:large, max-video-preview:-1\" \/>\n<link rel=\"canonical\" href=\"https:\/\/blog.asl-sl.com.br\/?page_id=2\" \/>\n<meta property=\"og:locale\" content=\"pt_BR\" \/>\n<meta property=\"og:type\" content=\"article\" \/>\n<meta property=\"og:title\" content=\"Conhecendo nosso trabalho. - Academia do software livre, S\u00e3o Louren\u00e7o - MG.\" \/>\n<meta property=\"og:description\" content=\"Este espa\u00e7o se destina a profissionais variados que atuem direta ou indiretamente em um contexto de tecnologia. Minha capacita\u00e7\u00e3o me permite gerir projetos, redes, informa\u00e7\u00f5es, workstations e muitos outros prop\u00f3sitos e aplica\u00e7\u00f5es de sistemas microprocesssados. &#8230;Ou algo desse g\u00eanero: Aqui pretendo explanar formas de profissionais atuaremo com software livre em suas mais diversas aplica\u00e7\u00f5es. Para Leia mais... &raquo;\" \/>\n<meta property=\"og:url\" content=\"https:\/\/blog.asl-sl.com.br\/?page_id=2\" \/>\n<meta property=\"og:site_name\" content=\"Academia do software livre, S\u00e3o Louren\u00e7o - MG.\" \/>\n<meta property=\"article:publisher\" content=\"https:\/\/www.facebook.com\/asl.saolourenco\" \/>\n<meta property=\"article:modified_time\" content=\"2024-08-27T16:52:16+00:00\" \/>\n<meta name=\"twitter:card\" content=\"summary_large_image\" \/>\n<meta name=\"twitter:label1\" content=\"Est. tempo de leitura\" \/>\n\t<meta name=\"twitter:data1\" content=\"2 minutos\" \/>\n<script type=\"application\/ld+json\" class=\"yoast-schema-graph\">{\"@context\":\"https:\\\/\\\/schema.org\",\"@graph\":[{\"@type\":\"WebPage\",\"@id\":\"https:\\\/\\\/blog.asl-sl.com.br\\\/?page_id=2\",\"url\":\"https:\\\/\\\/blog.asl-sl.com.br\\\/?page_id=2\",\"name\":\"Conhecendo nosso trabalho. - Academia do software livre, S\u00e3o Louren\u00e7o - MG.\",\"isPartOf\":{\"@id\":\"https:\\\/\\\/blog.asl-sl.com.br\\\/#website\"},\"datePublished\":\"2024-05-15T13:53:34+00:00\",\"dateModified\":\"2024-08-27T16:52:16+00:00\",\"breadcrumb\":{\"@id\":\"https:\\\/\\\/blog.asl-sl.com.br\\\/?page_id=2#breadcrumb\"},\"inLanguage\":\"pt-BR\",\"potentialAction\":[{\"@type\":\"ReadAction\",\"target\":[\"https:\\\/\\\/blog.asl-sl.com.br\\\/?page_id=2\"]}]},{\"@type\":\"BreadcrumbList\",\"@id\":\"https:\\\/\\\/blog.asl-sl.com.br\\\/?page_id=2#breadcrumb\",\"itemListElement\":[{\"@type\":\"ListItem\",\"position\":1,\"name\":\"In\u00edcio\",\"item\":\"https:\\\/\\\/blog.asl-sl.com.br\\\/\"},{\"@type\":\"ListItem\",\"position\":2,\"name\":\"Conhecendo nosso trabalho.\"}]},{\"@type\":\"WebSite\",\"@id\":\"https:\\\/\\\/blog.asl-sl.com.br\\\/#website\",\"url\":\"https:\\\/\\\/blog.asl-sl.com.br\\\/\",\"name\":\"Academia do software livre, S\u00e3o Louren\u00e7o - MG.\",\"description\":\"A academia do software livre, procura construir uma rela\u00e7\u00e3o entre a educa\u00e7\u00e3o em v\u00e1rios n\u00edveis aspectos e funcionalidades\",\"publisher\":{\"@id\":\"https:\\\/\\\/blog.asl-sl.com.br\\\/#organization\"},\"potentialAction\":[{\"@type\":\"SearchAction\",\"target\":{\"@type\":\"EntryPoint\",\"urlTemplate\":\"https:\\\/\\\/blog.asl-sl.com.br\\\/?s={search_term_string}\"},\"query-input\":{\"@type\":\"PropertyValueSpecification\",\"valueRequired\":true,\"valueName\":\"search_term_string\"}}],\"inLanguage\":\"pt-BR\"},{\"@type\":\"Organization\",\"@id\":\"https:\\\/\\\/blog.asl-sl.com.br\\\/#organization\",\"name\":\"Academia do software livre, S\u00e3o Louren\u00e7o - MG.\",\"url\":\"https:\\\/\\\/blog.asl-sl.com.br\\\/\",\"logo\":{\"@type\":\"ImageObject\",\"inLanguage\":\"pt-BR\",\"@id\":\"https:\\\/\\\/blog.asl-sl.com.br\\\/#\\\/schema\\\/logo\\\/image\\\/\",\"url\":\"https:\\\/\\\/blog.asl-sl.com.br\\\/wp-content\\\/uploads\\\/2024\\\/05\\\/asl-b.png\",\"contentUrl\":\"https:\\\/\\\/blog.asl-sl.com.br\\\/wp-content\\\/uploads\\\/2024\\\/05\\\/asl-b.png\",\"width\":128,\"height\":49,\"caption\":\"Academia do software livre, S\u00e3o Louren\u00e7o - MG.\"},\"image\":{\"@id\":\"https:\\\/\\\/blog.asl-sl.com.br\\\/#\\\/schema\\\/logo\\\/image\\\/\"},\"sameAs\":[\"https:\\\/\\\/www.facebook.com\\\/asl.saolourenco\"]}]}<\/script>\n<!-- \/ Yoast SEO plugin. -->","yoast_head_json":{"title":"Conhecendo nosso trabalho. - Academia do software livre, S\u00e3o Louren\u00e7o - MG.","robots":{"index":"index","follow":"follow","max-snippet":"max-snippet:-1","max-image-preview":"max-image-preview:large","max-video-preview":"max-video-preview:-1"},"canonical":"https:\/\/blog.asl-sl.com.br\/?page_id=2","og_locale":"pt_BR","og_type":"article","og_title":"Conhecendo nosso trabalho. - Academia do software livre, S\u00e3o Louren\u00e7o - MG.","og_description":"Este espa\u00e7o se destina a profissionais variados que atuem direta ou indiretamente em um contexto de tecnologia. Minha capacita\u00e7\u00e3o me permite gerir projetos, redes, informa\u00e7\u00f5es, workstations e muitos outros prop\u00f3sitos e aplica\u00e7\u00f5es de sistemas microprocesssados. &#8230;Ou algo desse g\u00eanero: Aqui pretendo explanar formas de profissionais atuaremo com software livre em suas mais diversas aplica\u00e7\u00f5es. Para Leia mais... &raquo;","og_url":"https:\/\/blog.asl-sl.com.br\/?page_id=2","og_site_name":"Academia do software livre, S\u00e3o Louren\u00e7o - MG.","article_publisher":"https:\/\/www.facebook.com\/asl.saolourenco","article_modified_time":"2024-08-27T16:52:16+00:00","twitter_card":"summary_large_image","twitter_misc":{"Est. tempo de leitura":"2 minutos"},"schema":{"@context":"https:\/\/schema.org","@graph":[{"@type":"WebPage","@id":"https:\/\/blog.asl-sl.com.br\/?page_id=2","url":"https:\/\/blog.asl-sl.com.br\/?page_id=2","name":"Conhecendo nosso trabalho. - Academia do software livre, S\u00e3o Louren\u00e7o - MG.","isPartOf":{"@id":"https:\/\/blog.asl-sl.com.br\/#website"},"datePublished":"2024-05-15T13:53:34+00:00","dateModified":"2024-08-27T16:52:16+00:00","breadcrumb":{"@id":"https:\/\/blog.asl-sl.com.br\/?page_id=2#breadcrumb"},"inLanguage":"pt-BR","potentialAction":[{"@type":"ReadAction","target":["https:\/\/blog.asl-sl.com.br\/?page_id=2"]}]},{"@type":"BreadcrumbList","@id":"https:\/\/blog.asl-sl.com.br\/?page_id=2#breadcrumb","itemListElement":[{"@type":"ListItem","position":1,"name":"In\u00edcio","item":"https:\/\/blog.asl-sl.com.br\/"},{"@type":"ListItem","position":2,"name":"Conhecendo nosso trabalho."}]},{"@type":"WebSite","@id":"https:\/\/blog.asl-sl.com.br\/#website","url":"https:\/\/blog.asl-sl.com.br\/","name":"Academia do software livre, S\u00e3o Louren\u00e7o - MG.","description":"A academia do software livre, procura construir uma rela\u00e7\u00e3o entre a educa\u00e7\u00e3o em v\u00e1rios n\u00edveis aspectos e funcionalidades","publisher":{"@id":"https:\/\/blog.asl-sl.com.br\/#organization"},"potentialAction":[{"@type":"SearchAction","target":{"@type":"EntryPoint","urlTemplate":"https:\/\/blog.asl-sl.com.br\/?s={search_term_string}"},"query-input":{"@type":"PropertyValueSpecification","valueRequired":true,"valueName":"search_term_string"}}],"inLanguage":"pt-BR"},{"@type":"Organization","@id":"https:\/\/blog.asl-sl.com.br\/#organization","name":"Academia do software livre, S\u00e3o Louren\u00e7o - MG.","url":"https:\/\/blog.asl-sl.com.br\/","logo":{"@type":"ImageObject","inLanguage":"pt-BR","@id":"https:\/\/blog.asl-sl.com.br\/#\/schema\/logo\/image\/","url":"https:\/\/blog.asl-sl.com.br\/wp-content\/uploads\/2024\/05\/asl-b.png","contentUrl":"https:\/\/blog.asl-sl.com.br\/wp-content\/uploads\/2024\/05\/asl-b.png","width":128,"height":49,"caption":"Academia do software livre, S\u00e3o Louren\u00e7o - MG."},"image":{"@id":"https:\/\/blog.asl-sl.com.br\/#\/schema\/logo\/image\/"},"sameAs":["https:\/\/www.facebook.com\/asl.saolourenco"]}]}},"_links":{"self":[{"href":"https:\/\/blog.asl-sl.com.br\/index.php?rest_route=\/wp\/v2\/pages\/2","targetHints":{"allow":["GET"]}}],"collection":[{"href":"https:\/\/blog.asl-sl.com.br\/index.php?rest_route=\/wp\/v2\/pages"}],"about":[{"href":"https:\/\/blog.asl-sl.com.br\/index.php?rest_route=\/wp\/v2\/types\/page"}],"author":[{"embeddable":true,"href":"https:\/\/blog.asl-sl.com.br\/index.php?rest_route=\/wp\/v2\/users\/1"}],"replies":[{"embeddable":true,"href":"https:\/\/blog.asl-sl.com.br\/index.php?rest_route=%2Fwp%2Fv2%2Fcomments&post=2"}],"version-history":[{"count":8,"href":"https:\/\/blog.asl-sl.com.br\/index.php?rest_route=\/wp\/v2\/pages\/2\/revisions"}],"predecessor-version":[{"id":93,"href":"https:\/\/blog.asl-sl.com.br\/index.php?rest_route=\/wp\/v2\/pages\/2\/revisions\/93"}],"wp:attachment":[{"href":"https:\/\/blog.asl-sl.com.br\/index.php?rest_route=%2Fwp%2Fv2%2Fmedia&parent=2"}],"curies":[{"name":"wp","href":"https:\/\/api.w.org\/{rel}","templated":true}]}}