{"id":38,"date":"2024-05-18T19:09:20","date_gmt":"2024-05-18T19:09:20","guid":{"rendered":"https:\/\/blog.asl-sl.com.br\/?page_id=38"},"modified":"2024-05-19T16:32:31","modified_gmt":"2024-05-19T16:32:31","slug":"descomplicando","status":"publish","type":"page","link":"https:\/\/blog.asl-sl.com.br\/?page_id=38","title":{"rendered":"Descomplicando."},"content":{"rendered":"\n<p><\/p>\n\n\n\n<p>Vamos fazer uma abordagem diferente sobre Computa\u00e7\u00e3o?<\/p>\n\n\n\n<p>Sem dar muita \u00eanfase ao trabalho de ensino profissionalizante, ou ainda me tornar um professor de n\u00edvel t\u00e9cnico como na maior parte de minha carreira como educador, vou me propor a nesse pequeno espa\u00e7o realizar uma proposta diferente.<\/p>\n\n\n\n<p>Vamos descomplicar?<\/p>\n\n\n\n<p>Por exemplo, para se instalar, um sistema completo, com um ambiente gr\u00e1fico para o usu\u00e1rio, acompanhado de uma s\u00e9rie completa de aplicativos para praticamente todas as tarefas de um <strong>Desktop<\/strong>, vou me propor a algumas experi\u00eancias, e preciso de colaboradores como voc\u00ea meu amigo leitor para participarem comigo dessas experi\u00eancias e quem sabe uma nova maneira de aprender&#8230;<\/p>\n\n\n\n<p>Em um primeiro momento vou organizar alguns conte\u00fados e com certeza algumas ideias para colocarmos em pr\u00e1tica nossa primeira etapa de estudos com ambientes Linux.<\/p>\n\n\n\n<p>Um ponto inicial ser\u00e1 instalar, um ambiente <strong>Debian<\/strong>\/GNU Linux.<\/p>\n\n\n\n<p>Isso partindo do princ\u00edpio de sermos de certa forma completamente leigos.<\/p>\n\n\n\n<p>O que lhe parece a ideia?<\/p>\n\n\n\n<p>Imagino simples, e com certeza vou elaborar alguns v\u00eddeos, testes e demonstra\u00e7\u00f5es, me parece um bom come\u00e7o.<\/p>\n","protected":false},"excerpt":{"rendered":"<p>Vamos fazer uma abordagem diferente sobre Computa\u00e7\u00e3o? Sem dar muita \u00eanfase ao trabalho de ensino profissionalizante, ou ainda me tornar um professor de n\u00edvel t\u00e9cnico como na maior parte de minha carreira como educador, vou me propor a nesse pequeno espa\u00e7o realizar uma proposta diferente. Vamos descomplicar? Por exemplo, para se instalar, um sistema completo, <a class=\"more-link\" href=\"https:\/\/blog.asl-sl.com.br\/?page_id=38\">Leia mais&#8230; &raquo;<\/a><\/p>\n","protected":false},"author":1,"featured_media":0,"parent":0,"menu_order":0,"comment_status":"closed","ping_status":"closed","template":"","meta":{"footnotes":""},"class_list":["post-38","page","type-page","status-publish","hentry"],"yoast_head":"<!-- This site is optimized with the Yoast SEO plugin v27.5 - https:\/\/yoast.com\/product\/yoast-seo-wordpress\/ -->\n<title>Descomplicando. - Academia do software livre, S\u00e3o Louren\u00e7o - MG.<\/title>\n<meta name=\"robots\" content=\"index, follow, max-snippet:-1, max-image-preview:large, max-video-preview:-1\" \/>\n<link rel=\"canonical\" href=\"https:\/\/blog.asl-sl.com.br\/?page_id=38\" \/>\n<meta property=\"og:locale\" content=\"pt_BR\" \/>\n<meta property=\"og:type\" content=\"article\" \/>\n<meta property=\"og:title\" content=\"Descomplicando. - Academia do software livre, S\u00e3o Louren\u00e7o - MG.\" \/>\n<meta property=\"og:description\" content=\"Vamos fazer uma abordagem diferente sobre Computa\u00e7\u00e3o? Sem dar muita \u00eanfase ao trabalho de ensino profissionalizante, ou ainda me tornar um professor de n\u00edvel t\u00e9cnico como na maior parte de minha carreira como educador, vou me propor a nesse pequeno espa\u00e7o realizar uma proposta diferente. Vamos descomplicar? Por exemplo, para se instalar, um sistema completo, Leia mais... &raquo;\" \/>\n<meta property=\"og:url\" content=\"https:\/\/blog.asl-sl.com.br\/?page_id=38\" \/>\n<meta property=\"og:site_name\" content=\"Academia do software livre, S\u00e3o Louren\u00e7o - MG.\" \/>\n<meta property=\"article:publisher\" content=\"https:\/\/www.facebook.com\/asl.saolourenco\" \/>\n<meta property=\"article:modified_time\" content=\"2024-05-19T16:32:31+00:00\" \/>\n<meta name=\"twitter:card\" content=\"summary_large_image\" \/>\n<meta name=\"twitter:label1\" content=\"Est. tempo de leitura\" \/>\n\t<meta name=\"twitter:data1\" content=\"1 minuto\" \/>\n<script type=\"application\/ld+json\" class=\"yoast-schema-graph\">{\"@context\":\"https:\\\/\\\/schema.org\",\"@graph\":[{\"@type\":\"WebPage\",\"@id\":\"https:\\\/\\\/blog.asl-sl.com.br\\\/?page_id=38\",\"url\":\"https:\\\/\\\/blog.asl-sl.com.br\\\/?page_id=38\",\"name\":\"Descomplicando. - Academia do software livre, S\u00e3o Louren\u00e7o - MG.\",\"isPartOf\":{\"@id\":\"https:\\\/\\\/blog.asl-sl.com.br\\\/#website\"},\"datePublished\":\"2024-05-18T19:09:20+00:00\",\"dateModified\":\"2024-05-19T16:32:31+00:00\",\"breadcrumb\":{\"@id\":\"https:\\\/\\\/blog.asl-sl.com.br\\\/?page_id=38#breadcrumb\"},\"inLanguage\":\"pt-BR\",\"potentialAction\":[{\"@type\":\"ReadAction\",\"target\":[\"https:\\\/\\\/blog.asl-sl.com.br\\\/?page_id=38\"]}]},{\"@type\":\"BreadcrumbList\",\"@id\":\"https:\\\/\\\/blog.asl-sl.com.br\\\/?page_id=38#breadcrumb\",\"itemListElement\":[{\"@type\":\"ListItem\",\"position\":1,\"name\":\"In\u00edcio\",\"item\":\"https:\\\/\\\/blog.asl-sl.com.br\\\/\"},{\"@type\":\"ListItem\",\"position\":2,\"name\":\"Descomplicando.\"}]},{\"@type\":\"WebSite\",\"@id\":\"https:\\\/\\\/blog.asl-sl.com.br\\\/#website\",\"url\":\"https:\\\/\\\/blog.asl-sl.com.br\\\/\",\"name\":\"Academia do software livre, S\u00e3o Louren\u00e7o - MG.\",\"description\":\"A academia do software livre, procura construir uma rela\u00e7\u00e3o entre a educa\u00e7\u00e3o em v\u00e1rios n\u00edveis aspectos e funcionalidades\",\"publisher\":{\"@id\":\"https:\\\/\\\/blog.asl-sl.com.br\\\/#organization\"},\"potentialAction\":[{\"@type\":\"SearchAction\",\"target\":{\"@type\":\"EntryPoint\",\"urlTemplate\":\"https:\\\/\\\/blog.asl-sl.com.br\\\/?s={search_term_string}\"},\"query-input\":{\"@type\":\"PropertyValueSpecification\",\"valueRequired\":true,\"valueName\":\"search_term_string\"}}],\"inLanguage\":\"pt-BR\"},{\"@type\":\"Organization\",\"@id\":\"https:\\\/\\\/blog.asl-sl.com.br\\\/#organization\",\"name\":\"Academia do software livre, S\u00e3o Louren\u00e7o - MG.\",\"url\":\"https:\\\/\\\/blog.asl-sl.com.br\\\/\",\"logo\":{\"@type\":\"ImageObject\",\"inLanguage\":\"pt-BR\",\"@id\":\"https:\\\/\\\/blog.asl-sl.com.br\\\/#\\\/schema\\\/logo\\\/image\\\/\",\"url\":\"https:\\\/\\\/blog.asl-sl.com.br\\\/wp-content\\\/uploads\\\/2024\\\/05\\\/asl-b.png\",\"contentUrl\":\"https:\\\/\\\/blog.asl-sl.com.br\\\/wp-content\\\/uploads\\\/2024\\\/05\\\/asl-b.png\",\"width\":128,\"height\":49,\"caption\":\"Academia do software livre, S\u00e3o Louren\u00e7o - MG.\"},\"image\":{\"@id\":\"https:\\\/\\\/blog.asl-sl.com.br\\\/#\\\/schema\\\/logo\\\/image\\\/\"},\"sameAs\":[\"https:\\\/\\\/www.facebook.com\\\/asl.saolourenco\"]}]}<\/script>\n<!-- \/ Yoast SEO plugin. -->","yoast_head_json":{"title":"Descomplicando. - Academia do software livre, S\u00e3o Louren\u00e7o - MG.","robots":{"index":"index","follow":"follow","max-snippet":"max-snippet:-1","max-image-preview":"max-image-preview:large","max-video-preview":"max-video-preview:-1"},"canonical":"https:\/\/blog.asl-sl.com.br\/?page_id=38","og_locale":"pt_BR","og_type":"article","og_title":"Descomplicando. - Academia do software livre, S\u00e3o Louren\u00e7o - MG.","og_description":"Vamos fazer uma abordagem diferente sobre Computa\u00e7\u00e3o? Sem dar muita \u00eanfase ao trabalho de ensino profissionalizante, ou ainda me tornar um professor de n\u00edvel t\u00e9cnico como na maior parte de minha carreira como educador, vou me propor a nesse pequeno espa\u00e7o realizar uma proposta diferente. Vamos descomplicar? Por exemplo, para se instalar, um sistema completo, Leia mais... &raquo;","og_url":"https:\/\/blog.asl-sl.com.br\/?page_id=38","og_site_name":"Academia do software livre, S\u00e3o Louren\u00e7o - MG.","article_publisher":"https:\/\/www.facebook.com\/asl.saolourenco","article_modified_time":"2024-05-19T16:32:31+00:00","twitter_card":"summary_large_image","twitter_misc":{"Est. tempo de leitura":"1 minuto"},"schema":{"@context":"https:\/\/schema.org","@graph":[{"@type":"WebPage","@id":"https:\/\/blog.asl-sl.com.br\/?page_id=38","url":"https:\/\/blog.asl-sl.com.br\/?page_id=38","name":"Descomplicando. - Academia do software livre, S\u00e3o Louren\u00e7o - MG.","isPartOf":{"@id":"https:\/\/blog.asl-sl.com.br\/#website"},"datePublished":"2024-05-18T19:09:20+00:00","dateModified":"2024-05-19T16:32:31+00:00","breadcrumb":{"@id":"https:\/\/blog.asl-sl.com.br\/?page_id=38#breadcrumb"},"inLanguage":"pt-BR","potentialAction":[{"@type":"ReadAction","target":["https:\/\/blog.asl-sl.com.br\/?page_id=38"]}]},{"@type":"BreadcrumbList","@id":"https:\/\/blog.asl-sl.com.br\/?page_id=38#breadcrumb","itemListElement":[{"@type":"ListItem","position":1,"name":"In\u00edcio","item":"https:\/\/blog.asl-sl.com.br\/"},{"@type":"ListItem","position":2,"name":"Descomplicando."}]},{"@type":"WebSite","@id":"https:\/\/blog.asl-sl.com.br\/#website","url":"https:\/\/blog.asl-sl.com.br\/","name":"Academia do software livre, S\u00e3o Louren\u00e7o - MG.","description":"A academia do software livre, procura construir uma rela\u00e7\u00e3o entre a educa\u00e7\u00e3o em v\u00e1rios n\u00edveis aspectos e funcionalidades","publisher":{"@id":"https:\/\/blog.asl-sl.com.br\/#organization"},"potentialAction":[{"@type":"SearchAction","target":{"@type":"EntryPoint","urlTemplate":"https:\/\/blog.asl-sl.com.br\/?s={search_term_string}"},"query-input":{"@type":"PropertyValueSpecification","valueRequired":true,"valueName":"search_term_string"}}],"inLanguage":"pt-BR"},{"@type":"Organization","@id":"https:\/\/blog.asl-sl.com.br\/#organization","name":"Academia do software livre, S\u00e3o Louren\u00e7o - MG.","url":"https:\/\/blog.asl-sl.com.br\/","logo":{"@type":"ImageObject","inLanguage":"pt-BR","@id":"https:\/\/blog.asl-sl.com.br\/#\/schema\/logo\/image\/","url":"https:\/\/blog.asl-sl.com.br\/wp-content\/uploads\/2024\/05\/asl-b.png","contentUrl":"https:\/\/blog.asl-sl.com.br\/wp-content\/uploads\/2024\/05\/asl-b.png","width":128,"height":49,"caption":"Academia do software livre, S\u00e3o Louren\u00e7o - MG."},"image":{"@id":"https:\/\/blog.asl-sl.com.br\/#\/schema\/logo\/image\/"},"sameAs":["https:\/\/www.facebook.com\/asl.saolourenco"]}]}},"_links":{"self":[{"href":"https:\/\/blog.asl-sl.com.br\/index.php?rest_route=\/wp\/v2\/pages\/38","targetHints":{"allow":["GET"]}}],"collection":[{"href":"https:\/\/blog.asl-sl.com.br\/index.php?rest_route=\/wp\/v2\/pages"}],"about":[{"href":"https:\/\/blog.asl-sl.com.br\/index.php?rest_route=\/wp\/v2\/types\/page"}],"author":[{"embeddable":true,"href":"https:\/\/blog.asl-sl.com.br\/index.php?rest_route=\/wp\/v2\/users\/1"}],"replies":[{"embeddable":true,"href":"https:\/\/blog.asl-sl.com.br\/index.php?rest_route=%2Fwp%2Fv2%2Fcomments&post=38"}],"version-history":[{"count":3,"href":"https:\/\/blog.asl-sl.com.br\/index.php?rest_route=\/wp\/v2\/pages\/38\/revisions"}],"predecessor-version":[{"id":73,"href":"https:\/\/blog.asl-sl.com.br\/index.php?rest_route=\/wp\/v2\/pages\/38\/revisions\/73"}],"wp:attachment":[{"href":"https:\/\/blog.asl-sl.com.br\/index.php?rest_route=%2Fwp%2Fv2%2Fmedia&parent=38"}],"curies":[{"name":"wp","href":"https:\/\/api.w.org\/{rel}","templated":true}]}}